{"id":11,"date":"2010-12-22T11:00:44","date_gmt":"2010-12-22T13:00:44","guid":{"rendered":"http:\/\/www.adsaojose.com.br\/site\/"},"modified":"2021-12-06T13:41:41","modified_gmt":"2021-12-06T16:41:41","slug":"agenda","status":"publish","type":"page","link":"https:\/\/www.adsaojose.com.br\/site\/agenda","title":{"rendered":"Agenda 2021"},"content":{"rendered":"\t\t<div data-elementor-type=\"wp-page\" data-elementor-id=\"11\" class=\"elementor elementor-11\" data-elementor-post-type=\"page\">\n\t\t\t\t\t\t<section class=\"elementor-section elementor-top-section elementor-element elementor-element-2ebc314d elementor-section-boxed elementor-section-height-default elementor-section-height-default\" data-id=\"2ebc314d\" data-element_type=\"section\" data-e-type=\"section\" data-settings=\"{&quot;background_background&quot;:&quot;gradient&quot;,&quot;shape_divider_top&quot;:&quot;waves&quot;}\">\n\t\t\t\t\t\t\t<div class=\"elementor-background-overlay\"><\/div>\n\t\t\t\t\t\t<div class=\"elementor-shape elementor-shape-top\" aria-hidden=\"true\" data-negative=\"false\">\n\t\t\t<svg xmlns=\"http:\/\/www.w3.org\/2000\/svg\" viewBox=\"0 0 1000 100\" preserveAspectRatio=\"none\">\n\t<path class=\"elementor-shape-fill\" d=\"M421.9,6.5c22.6-2.5,51.5,0.4,75.5,5.3c23.6,4.9,70.9,23.5,100.5,35.7c75.8,32.2,133.7,44.5,192.6,49.7\n\tc23.6,2.1,48.7,3.5,103.4-2.5c54.7-6,106.2-25.6,106.2-25.6V0H0v30.3c0,0,72,32.6,158.4,30.5c39.2-0.7,92.8-6.7,134-22.4\n\tc21.2-8.1,52.2-18.2,79.7-24.2C399.3,7.9,411.6,7.5,421.9,6.5z\"\/>\n<\/svg>\t\t<\/div>\n\t\t\t\t\t<div class=\"elementor-container elementor-column-gap-narrow\">\n\t\t\t\t\t<div class=\"elementor-column elementor-col-50 elementor-top-column elementor-element elementor-element-40f3138c\" data-id=\"40f3138c\" data-element_type=\"column\" data-e-type=\"column\">\n\t\t\t<div class=\"elementor-widget-wrap elementor-element-populated\">\n\t\t\t\t\t\t<div class=\"elementor-element elementor-element-52bd02ba elementor-widget elementor-widget-heading\" data-id=\"52bd02ba\" data-element_type=\"widget\" data-e-type=\"widget\" data-widget_type=\"heading.default\">\n\t\t\t\t<div class=\"elementor-widget-container\">\n\t\t\t\t\t<h1 class=\"elementor-heading-title elementor-size-medium\">AGENDA 2022<\/h1>\t\t\t\t<\/div>\n\t\t\t\t<\/div>\n\t\t\t\t<div class=\"elementor-element elementor-element-1d250c2a elementor-widget elementor-widget-heading\" data-id=\"1d250c2a\" data-element_type=\"widget\" data-e-type=\"widget\" data-widget_type=\"heading.default\">\n\t\t\t\t<div class=\"elementor-widget-container\">\n\t\t\t\t\t<h4 class=\"elementor-heading-title elementor-size-default\">TODOS NOSSOS EVENTOS GERAIS E CONGREGACIONAIS EST\u00c3O EM NOSSA AGENDA, CLIQUE NO BOT\u00c3O ABAIXO E FA\u00c7A O DOWNLOAD.<\/h4>\t\t\t\t<\/div>\n\t\t\t\t<\/div>\n\t\t\t\t<div class=\"elementor-element elementor-element-74e2e2c8 elementor-mobile-align-center elementor-widget elementor-widget-button\" data-id=\"74e2e2c8\" data-element_type=\"widget\" data-e-type=\"widget\" data-widget_type=\"button.default\">\n\t\t\t\t<div class=\"elementor-widget-container\">\n\t\t\t\t\t\t\t\t\t<div class=\"elementor-button-wrapper\">\n\t\t\t\t\t<a class=\"elementor-button elementor-button-link elementor-size-md\" href=\"https:\/\/drive.google.com\/drive\/folders\/14SMf2B9jR_KQGVWVNDUAgIS6QKHdBnzT?usp=sharing\">\n\t\t\t\t\t\t<span class=\"elementor-button-content-wrapper\">\n\t\t\t\t\t\t<span class=\"elementor-button-icon\">\n\t\t\t\t<i aria-hidden=\"true\" class=\"fas fa-arrow-right\"><\/i>\t\t\t<\/span>\n\t\t\t\t\t\t\t\t\t<span class=\"elementor-button-text\">BAIXE AGORA<\/span>\n\t\t\t\t\t<\/span>\n\t\t\t\t\t<\/a>\n\t\t\t\t<\/div>\n\t\t\t\t\t\t\t\t<\/div>\n\t\t\t\t<\/div>\n\t\t\t\t\t<\/div>\n\t\t<\/div>\n\t\t\t\t<div class=\"elementor-column elementor-col-50 elementor-top-column elementor-element elementor-element-2504850d\" data-id=\"2504850d\" data-element_type=\"column\" data-e-type=\"column\">\n\t\t\t<div class=\"elementor-widget-wrap elementor-element-populated\">\n\t\t\t\t\t\t<div class=\"elementor-element elementor-element-372f7e69 elementor-widget elementor-widget-image\" data-id=\"372f7e69\" data-element_type=\"widget\" data-e-type=\"widget\" data-settings=\"{&quot;motion_fx_motion_fx_scrolling&quot;:&quot;yes&quot;,&quot;motion_fx_translateY_effect&quot;:&quot;yes&quot;,&quot;motion_fx_translateY_direction&quot;:&quot;negative&quot;,&quot;motion_fx_translateY_speed&quot;:{&quot;unit&quot;:&quot;px&quot;,&quot;size&quot;:&quot;1&quot;,&quot;sizes&quot;:[]},&quot;motion_fx_devices&quot;:[&quot;desktop&quot;,&quot;tablet&quot;],&quot;motion_fx_translateY_affectedRange&quot;:{&quot;unit&quot;:&quot;%&quot;,&quot;size&quot;:&quot;&quot;,&quot;sizes&quot;:{&quot;start&quot;:&quot;0&quot;,&quot;end&quot;:&quot;50&quot;}}}\" data-widget_type=\"image.default\">\n\t\t\t\t<div class=\"elementor-widget-container\">\n\t\t\t\t\t\t\t\t\t\t\t\t\t\t\t<img fetchpriority=\"high\" decoding=\"async\" width=\"2396\" height=\"918\" src=\"https:\/\/i0.wp.com\/www.adsaojose.com.br\/site\/wp-content\/uploads\/2021\/11\/AGENDA-PDF-2022.png?fit=2396%2C918&amp;ssl=1\" class=\"attachment-full size-full wp-image-4554\" alt=\"\" srcset=\"https:\/\/i0.wp.com\/www.adsaojose.com.br\/site\/wp-content\/uploads\/2021\/11\/AGENDA-PDF-2022.png?w=2396&amp;ssl=1 2396w, https:\/\/i0.wp.com\/www.adsaojose.com.br\/site\/wp-content\/uploads\/2021\/11\/AGENDA-PDF-2022.png?resize=300%2C115&amp;ssl=1 300w, https:\/\/i0.wp.com\/www.adsaojose.com.br\/site\/wp-content\/uploads\/2021\/11\/AGENDA-PDF-2022.png?resize=1024%2C392&amp;ssl=1 1024w, https:\/\/i0.wp.com\/www.adsaojose.com.br\/site\/wp-content\/uploads\/2021\/11\/AGENDA-PDF-2022.png?resize=768%2C294&amp;ssl=1 768w, https:\/\/i0.wp.com\/www.adsaojose.com.br\/site\/wp-content\/uploads\/2021\/11\/AGENDA-PDF-2022.png?resize=1536%2C589&amp;ssl=1 1536w, https:\/\/i0.wp.com\/www.adsaojose.com.br\/site\/wp-content\/uploads\/2021\/11\/AGENDA-PDF-2022.png?resize=2048%2C785&amp;ssl=1 2048w\" sizes=\"(max-width: 1200px) 100vw, 1200px\" \/>\t\t\t\t\t\t\t\t\t\t\t\t\t\t\t<\/div>\n\t\t\t\t<\/div>\n\t\t\t\t\t<\/div>\n\t\t<\/div>\n\t\t\t\t\t<\/div>\n\t\t<\/section>\n\t\t\t\t<\/div>\n\t\t","protected":false},"excerpt":{"rendered":"<p>AGENDA 2022 TODOS NOSSOS EVENTOS GERAIS E CONGREGACIONAIS EST\u00c3O EM NOSSA AGENDA, CLIQUE NO BOT\u00c3O ABAIXO E FA\u00c7A O DOWNLOAD. BAIXE AGORA<\/p>\n","protected":false},"author":2,"featured_media":0,"parent":0,"menu_order":3,"comment_status":"closed","ping_status":"closed","template":"elementor_header_footer","meta":{"footnotes":""},"class_list":["post-11","page","type-page","status-publish","hentry","wpbf-post"],"jetpack_sharing_enabled":true,"jetpack_shortlink":"https:\/\/wp.me\/P9O47v-b","jetpack_likes_enabled":true,"_links":{"self":[{"href":"https:\/\/www.adsaojose.com.br\/site\/wp-json\/wp\/v2\/pages\/11","targetHints":{"allow":["GET"]}}],"collection":[{"href":"https:\/\/www.adsaojose.com.br\/site\/wp-json\/wp\/v2\/pages"}],"about":[{"href":"https:\/\/www.adsaojose.com.br\/site\/wp-json\/wp\/v2\/types\/page"}],"author":[{"embeddable":true,"href":"https:\/\/www.adsaojose.com.br\/site\/wp-json\/wp\/v2\/users\/2"}],"replies":[{"embeddable":true,"href":"https:\/\/www.adsaojose.com.br\/site\/wp-json\/wp\/v2\/comments?post=11"}],"version-history":[{"count":0,"href":"https:\/\/www.adsaojose.com.br\/site\/wp-json\/wp\/v2\/pages\/11\/revisions"}],"wp:attachment":[{"href":"https:\/\/www.adsaojose.com.br\/site\/wp-json\/wp\/v2\/media?parent=11"}],"curies":[{"name":"wp","href":"https:\/\/api.w.org\/{rel}","templated":true}]}}