{"id":2638,"date":"2018-03-07T15:50:03","date_gmt":"2018-03-07T18:50:03","guid":{"rendered":"http:\/\/www.adsaojose.com.br\/site\/?page_id=2638"},"modified":"2021-02-01T17:41:03","modified_gmt":"2021-02-01T20:41:03","slug":"ad-flor-de-napolis","status":"publish","type":"page","link":"https:\/\/www.adsaojose.com.br\/site\/ad-flor-de-napolis","title":{"rendered":"AD Flor de N\u00e1polis"},"content":{"rendered":"\t\t<div data-elementor-type=\"wp-post\" data-elementor-id=\"2638\" class=\"elementor elementor-2638\" data-elementor-post-type=\"page\">\n\t\t\t\t\t\t<section class=\"elementor-section elementor-top-section elementor-element elementor-element-ca921cd elementor-section-content-middle elementor-section-boxed elementor-section-height-default elementor-section-height-default\" data-id=\"ca921cd\" data-element_type=\"section\" data-e-type=\"section\" data-settings=\"{&quot;background_background&quot;:&quot;classic&quot;}\">\n\t\t\t\t\t\t<div class=\"elementor-container elementor-column-gap-no\">\n\t\t\t\t\t<div class=\"elementor-column elementor-col-50 elementor-top-column elementor-element elementor-element-51de8096\" data-id=\"51de8096\" data-element_type=\"column\" data-e-type=\"column\">\n\t\t\t<div class=\"elementor-widget-wrap elementor-element-populated\">\n\t\t\t\t\t\t<div class=\"elementor-element elementor-element-5ebfbf50 elementor-widget elementor-widget-image\" data-id=\"5ebfbf50\" data-element_type=\"widget\" data-e-type=\"widget\" data-widget_type=\"image.default\">\n\t\t\t\t<div class=\"elementor-widget-container\">\n\t\t\t\t\t\t\t\t\t\t\t\t\t\t\t<img fetchpriority=\"high\" decoding=\"async\" width=\"728\" height=\"728\" src=\"https:\/\/i0.wp.com\/www.adsaojose.com.br\/site\/wp-content\/uploads\/2018\/05\/adsaojose-pastor-sergio-lenz-e-miss-eliane.png?fit=728%2C728&amp;ssl=1\" class=\"attachment-large size-large wp-image-3339\" alt=\"\" srcset=\"https:\/\/i0.wp.com\/www.adsaojose.com.br\/site\/wp-content\/uploads\/2018\/05\/adsaojose-pastor-sergio-lenz-e-miss-eliane.png?w=728&amp;ssl=1 728w, https:\/\/i0.wp.com\/www.adsaojose.com.br\/site\/wp-content\/uploads\/2018\/05\/adsaojose-pastor-sergio-lenz-e-miss-eliane.png?resize=200%2C200&amp;ssl=1 200w, https:\/\/i0.wp.com\/www.adsaojose.com.br\/site\/wp-content\/uploads\/2018\/05\/adsaojose-pastor-sergio-lenz-e-miss-eliane.png?resize=300%2C300&amp;ssl=1 300w, https:\/\/i0.wp.com\/www.adsaojose.com.br\/site\/wp-content\/uploads\/2018\/05\/adsaojose-pastor-sergio-lenz-e-miss-eliane.png?resize=50%2C50&amp;ssl=1 50w\" sizes=\"(max-width: 728px) 100vw, 728px\" \/>\t\t\t\t\t\t\t\t\t\t\t\t\t\t\t<\/div>\n\t\t\t\t<\/div>\n\t\t\t\t\t<\/div>\n\t\t<\/div>\n\t\t\t\t<div class=\"elementor-column elementor-col-50 elementor-top-column elementor-element elementor-element-1e2bb5a1\" data-id=\"1e2bb5a1\" data-element_type=\"column\" data-e-type=\"column\">\n\t\t\t<div class=\"elementor-widget-wrap elementor-element-populated\">\n\t\t\t\t\t\t<div class=\"elementor-element elementor-element-585b6326 elementor-widget elementor-widget-heading\" data-id=\"585b6326\" data-element_type=\"widget\" data-e-type=\"widget\" data-widget_type=\"heading.default\">\n\t\t\t\t<div class=\"elementor-widget-container\">\n\t\t\t\t\t<h2 class=\"elementor-heading-title elementor-size-large\">AD FLOR DE N\u00c1POLIS<\/h2>\t\t\t\t<\/div>\n\t\t\t\t<\/div>\n\t\t\t\t<div class=\"elementor-element elementor-element-7f34f04e elementor-widget elementor-widget-heading\" data-id=\"7f34f04e\" data-element_type=\"widget\" data-e-type=\"widget\" data-widget_type=\"heading.default\">\n\t\t\t\t<div class=\"elementor-widget-container\">\n\t\t\t\t\t<h4 class=\"elementor-heading-title elementor-size-default\">Pr. S\u00e9rgio Lenz e Miss. Eliane\n<\/h4>\t\t\t\t<\/div>\n\t\t\t\t<\/div>\n\t\t\t\t<div class=\"elementor-element elementor-element-44a31272 elementor-widget elementor-widget-heading\" data-id=\"44a31272\" data-element_type=\"widget\" data-e-type=\"widget\" data-widget_type=\"heading.default\">\n\t\t\t\t<div class=\"elementor-widget-container\">\n\t\t\t\t\t<h4 class=\"elementor-heading-title elementor-size-default\">Nossa Localiza\u00e7\u00e3o<\/h4>\t\t\t\t<\/div>\n\t\t\t\t<\/div>\n\t\t\t\t<div class=\"elementor-element elementor-element-5abb57ae elementor-align-start elementor-icon-list--layout-traditional elementor-list-item-link-full_width elementor-widget elementor-widget-icon-list\" data-id=\"5abb57ae\" data-element_type=\"widget\" data-e-type=\"widget\" data-widget_type=\"icon-list.default\">\n\t\t\t\t<div class=\"elementor-widget-container\">\n\t\t\t\t\t\t\t<ul class=\"elementor-icon-list-items\">\n\t\t\t\t\t\t\t<li class=\"elementor-icon-list-item\">\n\t\t\t\t\t\t\t\t\t\t<span class=\"elementor-icon-list-text\">R. Santo Andr\u00e9, 58 - Picadas do Norte, S\u00e3o Jos\u00e9 - SC, 88106-400<\/span>\n\t\t\t\t\t\t\t\t\t<\/li>\n\t\t\t\t\t\t<\/ul>\n\t\t\t\t\t\t<\/div>\n\t\t\t\t<\/div>\n\t\t\t\t<div class=\"elementor-element elementor-element-445bb762 elementor-mobile-align-center elementor-widget__width-inherit elementor-widget elementor-widget-button\" data-id=\"445bb762\" data-element_type=\"widget\" data-e-type=\"widget\" data-widget_type=\"button.default\">\n\t\t\t\t<div class=\"elementor-widget-container\">\n\t\t\t\t\t\t\t\t\t<div class=\"elementor-button-wrapper\">\n\t\t\t\t\t<a class=\"elementor-button elementor-button-link elementor-size-sm\" href=\"https:\/\/goo.gl\/maps\/zerbzrXyZyd7e8maA\">\n\t\t\t\t\t\t<span class=\"elementor-button-content-wrapper\">\n\t\t\t\t\t\t\t\t\t<span class=\"elementor-button-text\">VER MAPA<\/span>\n\t\t\t\t\t<\/span>\n\t\t\t\t\t<\/a>\n\t\t\t\t<\/div>\n\t\t\t\t\t\t\t\t<\/div>\n\t\t\t\t<\/div>\n\t\t\t\t<div class=\"elementor-element elementor-element-7b0e72c4 elementor-shape-circle e-grid-align-left elementor-widget__width-auto elementor-grid-0 elementor-widget elementor-widget-social-icons\" data-id=\"7b0e72c4\" data-element_type=\"widget\" data-e-type=\"widget\" data-widget_type=\"social-icons.default\">\n\t\t\t\t<div class=\"elementor-widget-container\">\n\t\t\t\t\t\t\t<div class=\"elementor-social-icons-wrapper elementor-grid\">\n\t\t\t\t\t\t\t<span class=\"elementor-grid-item\">\n\t\t\t\t\t<a class=\"elementor-icon elementor-social-icon elementor-social-icon-facebook-f elementor-repeater-item-9758c9c\" href=\"https:\/\/www.facebook.com\/adflordenapolissc\/\" target=\"_blank\">\n\t\t\t\t\t\t<span class=\"elementor-screen-only\">Facebook-f<\/span>\n\t\t\t\t\t\t<i aria-hidden=\"true\" class=\"fab fa-facebook-f\"><\/i>\t\t\t\t\t<\/a>\n\t\t\t\t<\/span>\n\t\t\t\t\t<\/div>\n\t\t\t\t\t\t<\/div>\n\t\t\t\t<\/div>\n\t\t\t\t\t<\/div>\n\t\t<\/div>\n\t\t\t\t\t<\/div>\n\t\t<\/section>\n\t\t\t\t<\/div>\n\t\t","protected":false},"excerpt":{"rendered":"<p>AD FLOR DE N\u00c1POLIS Pr. S\u00e9rgio Lenz e Miss. Eliane Nossa Localiza\u00e7\u00e3o R. Santo Andr\u00e9, 58 &#8211; Picadas do Norte, S\u00e3o Jos\u00e9 &#8211; SC, 88106-400 VER MAPA Facebook-f<\/p>\n","protected":false},"author":13,"featured_media":0,"parent":0,"menu_order":0,"comment_status":"closed","ping_status":"closed","template":"elementor_header_footer","meta":{"footnotes":""},"class_list":["post-2638","page","type-page","status-publish","hentry","wpbf-post"],"jetpack_sharing_enabled":false,"jetpack_shortlink":"https:\/\/wp.me\/P9O47v-Gy","jetpack_likes_enabled":false,"_links":{"self":[{"href":"https:\/\/www.adsaojose.com.br\/site\/wp-json\/wp\/v2\/pages\/2638","targetHints":{"allow":["GET"]}}],"collection":[{"href":"https:\/\/www.adsaojose.com.br\/site\/wp-json\/wp\/v2\/pages"}],"about":[{"href":"https:\/\/www.adsaojose.com.br\/site\/wp-json\/wp\/v2\/types\/page"}],"author":[{"embeddable":true,"href":"https:\/\/www.adsaojose.com.br\/site\/wp-json\/wp\/v2\/users\/13"}],"replies":[{"embeddable":true,"href":"https:\/\/www.adsaojose.com.br\/site\/wp-json\/wp\/v2\/comments?post=2638"}],"version-history":[{"count":0,"href":"https:\/\/www.adsaojose.com.br\/site\/wp-json\/wp\/v2\/pages\/2638\/revisions"}],"wp:attachment":[{"href":"https:\/\/www.adsaojose.com.br\/site\/wp-json\/wp\/v2\/media?parent=2638"}],"curies":[{"name":"wp","href":"https:\/\/api.w.org\/{rel}","templated":true}]}}