{"id":2713,"date":"2018-03-08T09:58:29","date_gmt":"2018-03-08T12:58:29","guid":{"rendered":"http:\/\/www.adsaojose.com.br\/site\/?page_id=2713"},"modified":"2021-02-01T18:08:04","modified_gmt":"2021-02-01T21:08:04","slug":"ad-dona-zenaide","status":"publish","type":"page","link":"https:\/\/www.adsaojose.com.br\/site\/ad-dona-zenaide","title":{"rendered":"AD Dona Zenaide"},"content":{"rendered":"\t\t<div data-elementor-type=\"wp-post\" data-elementor-id=\"2713\" class=\"elementor elementor-2713\" data-elementor-post-type=\"page\">\n\t\t\t\t\t\t<section class=\"elementor-section elementor-top-section elementor-element elementor-element-1b169c5a elementor-section-content-middle elementor-section-boxed elementor-section-height-default elementor-section-height-default\" data-id=\"1b169c5a\" data-element_type=\"section\" data-e-type=\"section\" data-settings=\"{&quot;background_background&quot;:&quot;classic&quot;}\">\n\t\t\t\t\t\t<div class=\"elementor-container elementor-column-gap-no\">\n\t\t\t\t\t<div class=\"elementor-column elementor-col-50 elementor-top-column elementor-element elementor-element-21dfc5a2\" data-id=\"21dfc5a2\" data-element_type=\"column\" data-e-type=\"column\">\n\t\t\t<div class=\"elementor-widget-wrap elementor-element-populated\">\n\t\t\t\t\t\t<div class=\"elementor-element elementor-element-7ac468cf elementor-widget elementor-widget-image\" data-id=\"7ac468cf\" data-element_type=\"widget\" data-e-type=\"widget\" data-widget_type=\"image.default\">\n\t\t\t\t<div class=\"elementor-widget-container\">\n\t\t\t\t\t\t\t\t\t\t\t\t\t\t\t<img fetchpriority=\"high\" decoding=\"async\" width=\"726\" height=\"724\" src=\"https:\/\/i0.wp.com\/www.adsaojose.com.br\/site\/wp-content\/uploads\/2018\/04\/adsaojose-dona-wanda.png?fit=726%2C724&amp;ssl=1\" class=\"attachment-large size-large wp-image-3237\" alt=\"\" srcset=\"https:\/\/i0.wp.com\/www.adsaojose.com.br\/site\/wp-content\/uploads\/2018\/04\/adsaojose-dona-wanda.png?w=726&amp;ssl=1 726w, https:\/\/i0.wp.com\/www.adsaojose.com.br\/site\/wp-content\/uploads\/2018\/04\/adsaojose-dona-wanda.png?resize=201%2C200&amp;ssl=1 201w, https:\/\/i0.wp.com\/www.adsaojose.com.br\/site\/wp-content\/uploads\/2018\/04\/adsaojose-dona-wanda.png?resize=300%2C299&amp;ssl=1 300w, https:\/\/i0.wp.com\/www.adsaojose.com.br\/site\/wp-content\/uploads\/2018\/04\/adsaojose-dona-wanda.png?resize=50%2C50&amp;ssl=1 50w\" sizes=\"(max-width: 726px) 100vw, 726px\" \/>\t\t\t\t\t\t\t\t\t\t\t\t\t\t\t<\/div>\n\t\t\t\t<\/div>\n\t\t\t\t\t<\/div>\n\t\t<\/div>\n\t\t\t\t<div class=\"elementor-column elementor-col-50 elementor-top-column elementor-element elementor-element-516a1cd0\" data-id=\"516a1cd0\" data-element_type=\"column\" data-e-type=\"column\">\n\t\t\t<div class=\"elementor-widget-wrap elementor-element-populated\">\n\t\t\t\t\t\t<div class=\"elementor-element elementor-element-67b32af elementor-widget elementor-widget-heading\" data-id=\"67b32af\" data-element_type=\"widget\" data-e-type=\"widget\" data-widget_type=\"heading.default\">\n\t\t\t\t<div class=\"elementor-widget-container\">\n\t\t\t\t\t<h2 class=\"elementor-heading-title elementor-size-large\">AD ZENAIDE<\/h2>\t\t\t\t<\/div>\n\t\t\t\t<\/div>\n\t\t\t\t<div class=\"elementor-element elementor-element-409e151 elementor-widget elementor-widget-heading\" data-id=\"409e151\" data-element_type=\"widget\" data-e-type=\"widget\" data-widget_type=\"heading.default\">\n\t\t\t\t<div class=\"elementor-widget-container\">\n\t\t\t\t\t<h4 class=\"elementor-heading-title elementor-size-default\">Pr. Wilmar Possenti e Miss. M\u00aa Helena\n<\/h4>\t\t\t\t<\/div>\n\t\t\t\t<\/div>\n\t\t\t\t<div class=\"elementor-element elementor-element-14ecb1f4 elementor-widget elementor-widget-heading\" data-id=\"14ecb1f4\" data-element_type=\"widget\" data-e-type=\"widget\" data-widget_type=\"heading.default\">\n\t\t\t\t<div class=\"elementor-widget-container\">\n\t\t\t\t\t<h4 class=\"elementor-heading-title elementor-size-default\">Nossa Localiza\u00e7\u00e3o<\/h4>\t\t\t\t<\/div>\n\t\t\t\t<\/div>\n\t\t\t\t<div class=\"elementor-element elementor-element-6af8b00a elementor-align-start elementor-icon-list--layout-traditional elementor-list-item-link-full_width elementor-widget elementor-widget-icon-list\" data-id=\"6af8b00a\" data-element_type=\"widget\" data-e-type=\"widget\" data-widget_type=\"icon-list.default\">\n\t\t\t\t<div class=\"elementor-widget-container\">\n\t\t\t\t\t\t\t<ul class=\"elementor-icon-list-items\">\n\t\t\t\t\t\t\t<li class=\"elementor-icon-list-item\">\n\t\t\t\t\t\t\t\t\t\t<span class=\"elementor-icon-list-text\">R. Zenaide Santos de Souza, 691 - Forquilhas, S\u00e3o Jos\u00e9 - SC, 88107-200<\/span>\n\t\t\t\t\t\t\t\t\t<\/li>\n\t\t\t\t\t\t<\/ul>\n\t\t\t\t\t\t<\/div>\n\t\t\t\t<\/div>\n\t\t\t\t<div class=\"elementor-element elementor-element-49aaaafb elementor-mobile-align-center elementor-widget__width-inherit elementor-widget elementor-widget-button\" data-id=\"49aaaafb\" data-element_type=\"widget\" data-e-type=\"widget\" data-widget_type=\"button.default\">\n\t\t\t\t<div class=\"elementor-widget-container\">\n\t\t\t\t\t\t\t\t\t<div class=\"elementor-button-wrapper\">\n\t\t\t\t\t<a class=\"elementor-button elementor-button-link elementor-size-sm\" href=\"https:\/\/goo.gl\/maps\/cqqA3dAN3GYyzNXb7\">\n\t\t\t\t\t\t<span class=\"elementor-button-content-wrapper\">\n\t\t\t\t\t\t\t\t\t<span class=\"elementor-button-text\">VER MAPA<\/span>\n\t\t\t\t\t<\/span>\n\t\t\t\t\t<\/a>\n\t\t\t\t<\/div>\n\t\t\t\t\t\t\t\t<\/div>\n\t\t\t\t<\/div>\n\t\t\t\t<div class=\"elementor-element elementor-element-5d68ff68 elementor-shape-circle e-grid-align-left elementor-widget__width-auto elementor-grid-0 elementor-widget elementor-widget-social-icons\" data-id=\"5d68ff68\" data-element_type=\"widget\" data-e-type=\"widget\" data-widget_type=\"social-icons.default\">\n\t\t\t\t<div class=\"elementor-widget-container\">\n\t\t\t\t\t\t\t<div class=\"elementor-social-icons-wrapper elementor-grid\" role=\"list\">\n\t\t\t\t\t\t\t<span class=\"elementor-grid-item\" role=\"listitem\">\n\t\t\t\t\t<a class=\"elementor-icon elementor-social-icon elementor-social-icon-facebook-f elementor-repeater-item-9758c9c\" href=\"https:\/\/www.facebook.com\/addonazenaide\/\" target=\"_blank\">\n\t\t\t\t\t\t<span class=\"elementor-screen-only\">Facebook-f<\/span>\n\t\t\t\t\t\t<i aria-hidden=\"true\" class=\"fab fa-facebook-f\"><\/i>\t\t\t\t\t<\/a>\n\t\t\t\t<\/span>\n\t\t\t\t\t\t\t<span class=\"elementor-grid-item\" role=\"listitem\">\n\t\t\t\t\t<a class=\"elementor-icon elementor-social-icon elementor-social-icon-instagram elementor-repeater-item-29706bc\" href=\"https:\/\/www.instagram.com\/adzenaide\/\" target=\"_blank\">\n\t\t\t\t\t\t<span class=\"elementor-screen-only\">Instagram<\/span>\n\t\t\t\t\t\t<i aria-hidden=\"true\" class=\"fab fa-instagram\"><\/i>\t\t\t\t\t<\/a>\n\t\t\t\t<\/span>\n\t\t\t\t\t<\/div>\n\t\t\t\t\t\t<\/div>\n\t\t\t\t<\/div>\n\t\t\t\t\t<\/div>\n\t\t<\/div>\n\t\t\t\t\t<\/div>\n\t\t<\/section>\n\t\t\t\t<\/div>\n\t\t","protected":false},"excerpt":{"rendered":"<p>AD ZENAIDE Pr. Wilmar Possenti e Miss. M\u00aa Helena Nossa Localiza\u00e7\u00e3o R. Zenaide Santos de Souza, 691 &#8211; Forquilhas, S\u00e3o Jos\u00e9 &#8211; SC, 88107-200 VER MAPA Facebook-f Instagram<\/p>\n","protected":false},"author":13,"featured_media":0,"parent":0,"menu_order":0,"comment_status":"closed","ping_status":"closed","template":"elementor_header_footer","meta":{"footnotes":""},"class_list":["post-2713","page","type-page","status-publish","hentry","wpbf-post"],"jetpack_sharing_enabled":false,"jetpack_shortlink":"https:\/\/wp.me\/P9O47v-HL","jetpack_likes_enabled":false,"_links":{"self":[{"href":"https:\/\/www.adsaojose.com.br\/site\/wp-json\/wp\/v2\/pages\/2713","targetHints":{"allow":["GET"]}}],"collection":[{"href":"https:\/\/www.adsaojose.com.br\/site\/wp-json\/wp\/v2\/pages"}],"about":[{"href":"https:\/\/www.adsaojose.com.br\/site\/wp-json\/wp\/v2\/types\/page"}],"author":[{"embeddable":true,"href":"https:\/\/www.adsaojose.com.br\/site\/wp-json\/wp\/v2\/users\/13"}],"replies":[{"embeddable":true,"href":"https:\/\/www.adsaojose.com.br\/site\/wp-json\/wp\/v2\/comments?post=2713"}],"version-history":[{"count":0,"href":"https:\/\/www.adsaojose.com.br\/site\/wp-json\/wp\/v2\/pages\/2713\/revisions"}],"wp:attachment":[{"href":"https:\/\/www.adsaojose.com.br\/site\/wp-json\/wp\/v2\/media?parent=2713"}],"curies":[{"name":"wp","href":"https:\/\/api.w.org\/{rel}","templated":true}]}}