{"id":57,"date":"2010-10-02T10:48:41","date_gmt":"2010-10-02T10:48:41","guid":{"rendered":"http:\/\/www.adsaojose.com.br\/site\/"},"modified":"2018-11-07T16:08:44","modified_gmt":"2018-11-07T18:08:44","slug":"adad","status":"publish","type":"page","link":"https:\/\/www.adsaojose.com.br\/site\/ministerios\/adad","title":{"rendered":"ADAD"},"content":{"rendered":"\t\t<div data-elementor-type=\"wp-post\" data-elementor-id=\"57\" class=\"elementor elementor-57 elementor-bc-flex-widget\" data-elementor-post-type=\"page\">\n\t\t\t\t\t\t<section class=\"elementor-section elementor-top-section elementor-element elementor-element-66c5636c elementor-section-full_width elementor-section-height-default elementor-section-height-default\" data-id=\"66c5636c\" data-element_type=\"section\" data-e-type=\"section\">\n\t\t\t\t\t\t<div class=\"elementor-container elementor-column-gap-no\">\n\t\t\t\t\t<div class=\"elementor-column elementor-col-100 elementor-top-column elementor-element elementor-element-54e70c81\" data-id=\"54e70c81\" data-element_type=\"column\" data-e-type=\"column\">\n\t\t\t<div class=\"elementor-widget-wrap elementor-element-populated\">\n\t\t\t\t\t\t<div class=\"elementor-element elementor-element-782b6ea9 elementor-widget elementor-widget-menu-anchor\" data-id=\"782b6ea9\" data-element_type=\"widget\" data-e-type=\"widget\" data-widget_type=\"menu-anchor.default\">\n\t\t\t\t<div class=\"elementor-widget-container\">\n\t\t\t\t\t\t\t<div class=\"elementor-menu-anchor\" id=\"home\"><\/div>\n\t\t\t\t\t\t<\/div>\n\t\t\t\t<\/div>\n\t\t\t\t<div class=\"elementor-element elementor-element-420ca0b5 elementor-skin-carousel elementor-widget elementor-widget-media-carousel\" data-id=\"420ca0b5\" data-element_type=\"widget\" data-e-type=\"widget\" data-settings=\"{&quot;space_between&quot;:{&quot;unit&quot;:&quot;px&quot;,&quot;size&quot;:0,&quot;sizes&quot;:[]},&quot;skin&quot;:&quot;carousel&quot;,&quot;effect&quot;:&quot;slide&quot;,&quot;speed&quot;:500,&quot;autoplay&quot;:&quot;yes&quot;,&quot;autoplay_speed&quot;:5000,&quot;loop&quot;:&quot;yes&quot;,&quot;pause_on_hover&quot;:&quot;yes&quot;,&quot;pause_on_interaction&quot;:&quot;yes&quot;,&quot;space_between_tablet&quot;:{&quot;unit&quot;:&quot;px&quot;,&quot;size&quot;:10,&quot;sizes&quot;:[]},&quot;space_between_mobile&quot;:{&quot;unit&quot;:&quot;px&quot;,&quot;size&quot;:10,&quot;sizes&quot;:[]}}\" data-widget_type=\"media-carousel.default\">\n\t\t\t\t<div class=\"elementor-widget-container\">\n\t\t\t\t\t\t\t\t\t<div class=\"elementor-swiper\">\n\t\t\t\t\t<div class=\"elementor-main-swiper swiper\" role=\"region\" aria-roledescription=\"carousel\" aria-label=\"Slides\">\n\t\t\t\t<div class=\"swiper-wrapper\">\n\t\t\t\t\t\t\t\t\t\t\t<div class=\"swiper-slide\" role=\"group\" aria-roledescription=\"slide\">\n\t\t\t\t\t\t\t\t\t<div class=\"elementor-carousel-image\" role=\"img\" aria-label=\"adsaojose-adad\" style=\"background-image: url(&#039;https:\/\/i0.wp.com\/www.adsaojose.com.br\/site\/wp-content\/uploads\/2018\/04\/adsaojose-adad-1.png?fit=650%2C650&amp;ssl=1&#039;)\">\n\n\t\t\t\n\t\t\t\t\t<\/div>\n\t\t\t\t\t\t\t\t<\/div>\n\t\t\t\t\t\t\t\t\t\t\t<div class=\"swiper-slide\" role=\"group\" aria-roledescription=\"slide\">\n\t\t\t\t\t\t\t\t\t<div class=\"elementor-carousel-image\" role=\"img\" aria-label=\"adsaojose-adad\" style=\"background-image: url(&#039;https:\/\/i0.wp.com\/www.adsaojose.com.br\/site\/wp-content\/uploads\/2018\/05\/adsaojose-adad.png?fit=668%2C650&amp;ssl=1&#039;)\">\n\n\t\t\t\n\t\t\t\t\t<\/div>\n\t\t\t\t\t\t\t\t<\/div>\n\t\t\t\t\t\t\t\t\t\t\t<div class=\"swiper-slide\" role=\"group\" aria-roledescription=\"slide\">\n\t\t\t\t\t\t\t\t\t<div class=\"elementor-carousel-image\" role=\"img\" aria-label=\"adsaojose-adad-1\" style=\"background-image: url(&#039;https:\/\/i0.wp.com\/www.adsaojose.com.br\/site\/wp-content\/uploads\/2018\/05\/adsaojose-adad-1.png?fit=668%2C650&amp;ssl=1&#039;)\">\n\n\t\t\t\n\t\t\t\t\t<\/div>\n\t\t\t\t\t\t\t\t<\/div>\n\t\t\t\t\t\t\t\t\t\t\t<div class=\"swiper-slide\" role=\"group\" aria-roledescription=\"slide\">\n\t\t\t\t\t\t\t\t\t<div class=\"elementor-carousel-image\" role=\"img\" aria-label=\"adsaojose-adad-2\" style=\"background-image: url(&#039;https:\/\/i0.wp.com\/www.adsaojose.com.br\/site\/wp-content\/uploads\/2018\/05\/adsaojose-adad-2.png?fit=668%2C650&amp;ssl=1&#039;)\">\n\n\t\t\t\n\t\t\t\t\t<\/div>\n\t\t\t\t\t\t\t\t<\/div>\n\t\t\t\t\t\t\t\t\t<\/div>\n\t\t\t\t\t\t\t\t\t\t\t\t\t\t\t\t\t\t\t\t\t<\/div>\n\t\t\t\t<\/div>\n\t\t\t\t\t\t\t\t<\/div>\n\t\t\t\t<\/div>\n\t\t\t\t\t<\/div>\n\t\t<\/div>\n\t\t\t\t\t<\/div>\n\t\t<\/section>\n\t\t\t\t<section class=\"elementor-section elementor-top-section elementor-element elementor-element-39e52cab elementor-section-content-middle elementor-section-boxed elementor-section-height-default elementor-section-height-default\" data-id=\"39e52cab\" data-element_type=\"section\" data-e-type=\"section\" data-settings=\"{&quot;background_background&quot;:&quot;classic&quot;}\">\n\t\t\t\t\t\t<div class=\"elementor-container elementor-column-gap-default\">\n\t\t\t\t\t<div class=\"elementor-column elementor-col-100 elementor-top-column elementor-element elementor-element-2675774\" data-id=\"2675774\" data-element_type=\"column\" data-e-type=\"column\" data-settings=\"{&quot;background_background&quot;:&quot;classic&quot;}\">\n\t\t\t<div class=\"elementor-widget-wrap elementor-element-populated\">\n\t\t\t\t\t\t<div class=\"elementor-element elementor-element-c4fce6f elementor-widget elementor-widget-heading\" data-id=\"c4fce6f\" data-element_type=\"widget\" data-e-type=\"widget\" data-widget_type=\"heading.default\">\n\t\t\t\t<div class=\"elementor-widget-container\">\n\t\t\t\t\t<h1 class=\"elementor-heading-title elementor-size-default\">ADAD S\u00e3o Jos\u00e9<\/h1>\t\t\t\t<\/div>\n\t\t\t\t<\/div>\n\t\t\t\t<div class=\"elementor-element elementor-element-275f2e8b elementor-widget elementor-widget-text-editor\" data-id=\"275f2e8b\" data-element_type=\"widget\" data-e-type=\"widget\" data-widget_type=\"text-editor.default\">\n\t\t\t\t<div class=\"elementor-widget-container\">\n\t\t\t\t\t\t\t\t\t<p>ADOLESCENTES QUE AMAM A DEUS<\/p>\t\t\t\t\t\t\t\t<\/div>\n\t\t\t\t<\/div>\n\t\t\t\t\t<\/div>\n\t\t<\/div>\n\t\t\t\t\t<\/div>\n\t\t<\/section>\n\t\t\t\t<section class=\"elementor-section elementor-top-section elementor-element elementor-element-5fa9dff9 elementor-section-content-middle elementor-reverse-mobile elementor-section-boxed elementor-section-height-default elementor-section-height-default\" data-id=\"5fa9dff9\" data-element_type=\"section\" data-e-type=\"section\" data-settings=\"{&quot;background_background&quot;:&quot;classic&quot;}\">\n\t\t\t\t\t\t<div class=\"elementor-container elementor-column-gap-default\">\n\t\t\t\t\t<div class=\"elementor-column elementor-col-50 elementor-top-column elementor-element elementor-element-ffbfa9a\" data-id=\"ffbfa9a\" data-element_type=\"column\" data-e-type=\"column\">\n\t\t\t<div class=\"elementor-widget-wrap elementor-element-populated\">\n\t\t\t\t\t\t<div class=\"elementor-element elementor-element-cdcc9f8 elementor-widget elementor-widget-heading\" data-id=\"cdcc9f8\" data-element_type=\"widget\" data-e-type=\"widget\" data-widget_type=\"heading.default\">\n\t\t\t\t<div class=\"elementor-widget-container\">\n\t\t\t\t\t<h3 class=\"elementor-heading-title elementor-size-default\">Pb. Evandro e Roberta<\/h3>\t\t\t\t<\/div>\n\t\t\t\t<\/div>\n\t\t\t\t<div class=\"elementor-element elementor-element-29c3ae1 elementor-widget elementor-widget-text-editor\" data-id=\"29c3ae1\" data-element_type=\"widget\" data-e-type=\"widget\" data-widget_type=\"text-editor.default\">\n\t\t\t\t<div class=\"elementor-widget-container\">\n\t\t\t\t\t\t\t\t\t<p style=\"text-align: center;\"><b><span class=\"fs11 cf1 ff1\">COORDENADORES<\/span><\/b><br \/><span class=\"fs11 cf1 ff1\">Fone: (48) 98495-2018<\/span><br \/><span class=\"fs11 cf1 ff1\">E-mail: robertakssia@gmail.com<\/span><\/p>\t\t\t\t\t\t\t\t<\/div>\n\t\t\t\t<\/div>\n\t\t\t\t\t<\/div>\n\t\t<\/div>\n\t\t\t\t<div class=\"elementor-column elementor-col-50 elementor-top-column elementor-element elementor-element-6e291684\" data-id=\"6e291684\" data-element_type=\"column\" data-e-type=\"column\">\n\t\t\t<div class=\"elementor-widget-wrap elementor-element-populated\">\n\t\t\t\t\t\t<div class=\"elementor-element elementor-element-2e8d3918 elementor-widget elementor-widget-image\" data-id=\"2e8d3918\" data-element_type=\"widget\" data-e-type=\"widget\" data-widget_type=\"image.default\">\n\t\t\t\t<div class=\"elementor-widget-container\">\n\t\t\t\t\t\t\t\t\t\t\t\t\t\t\t<img fetchpriority=\"high\" decoding=\"async\" width=\"668\" height=\"663\" src=\"https:\/\/i0.wp.com\/www.adsaojose.com.br\/site\/wp-content\/uploads\/2018\/05\/adsaojose-lideres-adad-sao-jose-1.png?fit=668%2C663&amp;ssl=1\" class=\"attachment-full size-full wp-image-3429\" alt=\"\" srcset=\"https:\/\/i0.wp.com\/www.adsaojose.com.br\/site\/wp-content\/uploads\/2018\/05\/adsaojose-lideres-adad-sao-jose-1.png?w=668&amp;ssl=1 668w, https:\/\/i0.wp.com\/www.adsaojose.com.br\/site\/wp-content\/uploads\/2018\/05\/adsaojose-lideres-adad-sao-jose-1.png?resize=202%2C200&amp;ssl=1 202w, https:\/\/i0.wp.com\/www.adsaojose.com.br\/site\/wp-content\/uploads\/2018\/05\/adsaojose-lideres-adad-sao-jose-1.png?resize=300%2C298&amp;ssl=1 300w, https:\/\/i0.wp.com\/www.adsaojose.com.br\/site\/wp-content\/uploads\/2018\/05\/adsaojose-lideres-adad-sao-jose-1.png?resize=50%2C50&amp;ssl=1 50w\" sizes=\"(max-width: 668px) 100vw, 668px\" \/>\t\t\t\t\t\t\t\t\t\t\t\t\t\t\t<\/div>\n\t\t\t\t<\/div>\n\t\t\t\t\t<\/div>\n\t\t<\/div>\n\t\t\t\t\t<\/div>\n\t\t<\/section>\n\t\t\t\t<section class=\"elementor-section elementor-top-section elementor-element elementor-element-da83ad9 elementor-section-content-middle elementor-reverse-mobile elementor-section-boxed elementor-section-height-default elementor-section-height-default\" data-id=\"da83ad9\" data-element_type=\"section\" data-e-type=\"section\" data-settings=\"{&quot;background_background&quot;:&quot;classic&quot;}\">\n\t\t\t\t\t\t<div class=\"elementor-container elementor-column-gap-default\">\n\t\t\t\t\t<div class=\"elementor-column elementor-col-100 elementor-top-column elementor-element elementor-element-c3d66ba\" data-id=\"c3d66ba\" data-element_type=\"column\" data-e-type=\"column\">\n\t\t\t<div class=\"elementor-widget-wrap elementor-element-populated\">\n\t\t\t\t\t\t<div class=\"elementor-element elementor-element-fec0e5c elementor-widget elementor-widget-heading\" data-id=\"fec0e5c\" data-element_type=\"widget\" data-e-type=\"widget\" data-widget_type=\"heading.default\">\n\t\t\t\t<div class=\"elementor-widget-container\">\n\t\t\t\t\t<h2 class=\"elementor-heading-title elementor-size-xl\"><b>Quem Somos<\/b><\/h2>\t\t\t\t<\/div>\n\t\t\t\t<\/div>\n\t\t\t\t<div class=\"elementor-element elementor-element-3fbb547 elementor-widget elementor-widget-text-editor\" data-id=\"3fbb547\" data-element_type=\"widget\" data-e-type=\"widget\" data-widget_type=\"text-editor.default\">\n\t\t\t\t<div class=\"elementor-widget-container\">\n\t\t\t\t\t\t\t\t\t<div id=\"imCell_8\" class=\"\"><div id=\"imCellStyle_8\" data-responsive-sequence-number=\"2\"><div id=\"imTextObject_08\"><div class=\"text-tab-content\" id=\"imTextObject_08_tab0\"><div class=\"text-inner\"><div><\/div><div><span class=\"fs11 cf1 ff1\">\u00c9 um grupo formado por pr\u00e9-adolescentes e adolescentes de 6 a 21 anos, criado no dia 13 de mar\u00e7o de 2001, com sede na cidade de S\u00e3o Jos\u00e9 &#8211; Santa Catarina.\u00a0<\/span>O grupo ADAD pr\u00e1tica atividades extra classes, no \u00e2mbito f\u00edsico, social, cultural e espiritual, promovendo atividades criativas onde os adolescentes colocam os princ\u00edpios \u00e9ticos crist\u00e3os em pr\u00e1tica no cotidiano e nas viv\u00eancias di\u00e1rias, quais sejam, Soberania de Deus, Car\u00e1ter de Cristo, Mordomia, Semear e Colher, Auto Governo, Individualidade e Uni\u00e3o. Os ADADs prestam servi\u00e7o volunt\u00e1rio a comunidades civis e eclesi\u00e1sticas, tamb\u00e9m atuando nas escolas p\u00fablicas, trabalhando temas transversais tais como: \u00e9tica, cidadania, combate as drogas, ecologia, sa\u00fade, primeiros socorros, dentre outros, com disciplina, responsabilidade e aperfei\u00e7oamento da conduta moral, como preceito formador de uma sociedade sadia. O ADAD desenvolve atividades com crian\u00e7as, adolescentes e jovens , visando a forma\u00e7\u00e3o de grupos que, conforme a faixa et\u00e1ria possam desenvolver esp\u00edrito comunit\u00e1rio. Citamos algumas das atividades dos ADAD&#8217;s:<\/div><div><span class=\"fs11 cf1 ff1\"><\/span><\/div><div><span class=\"fs11 cf1 ff1\">\u00a0<\/span><\/div><div><\/div><div><\/div><div><span class=\"fs11 cf1 ff1\">&#8211;\u00a0 Pr\u00e1tica de acampamento;<\/span><\/div><div><\/div><div><span class=\"fs11 cf1 ff1\">&#8211;\u00a0 Participa\u00e7\u00e3o de desfile c\u00edvico<\/span><span class=\"fs11 cf1 ff1\"><\/span><\/div><div><\/div><div><span class=\"fs11 cf1 ff1\">&#8211;\u00a0 Abertura de eventos: Culturais, c\u00edvicos e religiosos;<\/span><span class=\"fs11 cf1 ff1\"><\/span><\/div><div><\/div><div><span class=\"fs11 cf1 ff1\">&#8211;\u00a0 Servi\u00e7os comunit\u00e1rios;<\/span><span class=\"fs11 cf1 ff1\"><\/span><\/div><div><\/div><div><span class=\"fs11 cf1 ff1\">&#8211;\u00a0 Palestras preventivas a problemas sociais tais como drogas, bulling, sexualidade na adolesc\u00eancia, criminalidade infantil e fam\u00edlia;<\/span><span class=\"fs11 cf1 ff1\"><\/span><\/div><div><\/div><div><span class=\"fs11 cf1 ff1\">&#8211;\u00a0 Desenvolvimento dos direitos e deveres da crian\u00e7a e adolescente;<\/span><span class=\"fs11 cf1 ff1\"><\/span><\/div><div><\/div><div><span class=\"fs11 cf1 ff1\">&#8211;\u00a0 Resgate de crian\u00e7as e adolescentes da vulnerabilidade social;<\/span><span class=\"fs11 cf1 ff1\"><\/span><\/div><div><\/div><div><span class=\"fs11 cf1 ff1\">&#8211;\u00a0 Oficinas de atividades recreativas e pedag\u00f3gicas;<\/span><span class=\"fs11 cf1 ff1\"><\/span><\/div><div><\/div><div><span class=\"fs11 cf1 ff1\">&#8211;\u00a0 Instru\u00e7\u00e3o de campo como rapel, tirolesa, cama de gato, rastejamento, pista noturna, bivaque, ponte de tr\u00eas cordas, n\u00f3s e amarras, ou qualquer atividade recreativa;<\/span><span class=\"fs11 cf1 ff1\"><\/span><\/div><div><\/div><div><span class=\"fs11 cf1 ff1\">&#8211;\u00a0 Implementa\u00e7\u00e3o de programas e a\u00e7\u00f5es integradas para garantir e defender a promo\u00e7\u00e3o dos direitos da crian\u00e7a e do adolescente;<\/span><span class=\"fs11 cf1 ff1\"><\/span><\/div><div><\/div><div><span class=\"fs11 cf1 ff1\">&#8211;\u00a0 Cria\u00e7\u00e3o de bandas e fanfarras;<\/span><span class=\"fs11 cf1 ff1\"><\/span><\/div><div><\/div><div><span class=\"fs11 cf1 ff1\">&#8211;\u00a0 Refor\u00e7o Escolar;<\/span><span class=\"fs11 cf1 ff1\"><\/span><\/div><div><\/div><div><span class=\"fs11 cf1 ff1\">&#8211;\u00a0 Prepara\u00e7\u00e3o para o trabalho e inser\u00e7\u00e3o na sociedade.<\/span><span class=\"fs11 cf1 ff1\"><\/span><\/div><div><span class=\"fs11 cf1 ff1\">\u00a0<\/span><\/div><div><\/div><div><\/div><div><span class=\"fs11 cf1 ff1\">\u00c9 dever de um ADAD, ser exemplo para a sociedade, seguindo os princ\u00edpios b\u00edblicos ensinados.\u00a0<\/span>Para conhecer mais sobre o ADAD entre em contato, procure um n\u00facleo mais pr\u00f3ximo.<\/div><\/div><\/div><\/div><\/div><\/div><div id=\"imCell_10\" class=\"\"><div id=\"imCellStyle_10\" data-responsive-sequence-number=\"4\"><div id=\"imTextObject_10\"><div class=\"text-tab-content\" id=\"imTextObject_10_tab0\"><div class=\"text-inner\"><div><p><span class=\"fs11 cf1 ff1\">S\u00e3o admitidos como ADAD&#8217;s crian\u00e7as, adolescentes e jovens independente de cor, ra\u00e7a e credo religioso, conforme a faixa et\u00e1ria:<\/span><b><br \/><\/b><br \/><span class=\"fs11 cf1 ff1\">ADAD Mirim \u2013 06 a 09 anos de idade;<\/span><br \/><span class=\"fs11 cf1 ff1\">ADAD I \u2013 10 a 12 anos de idade;<\/span><br \/><span class=\"fs11 cf1 ff1\">ADAD II \u2013 13 a 15 anos de idade;<\/span><br \/><span class=\"fs11 cf1 ff1\">ADAD S\u00caNIOR \u201316 a 21 anos.<\/span><\/p><p><span style=\"font-size: inherit;\">O ADAD que completar 21 anos cumprindo os requisitos exigidos poder\u00e1 ser convidado a participar do curso de capacita\u00e7\u00e3o de l\u00edder, tornando-se um auxiliar a l\u00edder, conforme prev\u00ea o art.10 e seus incisos.\u00a0<\/span><\/p><\/div><\/div><\/div><\/div><\/div><\/div>\t\t\t\t\t\t\t\t<\/div>\n\t\t\t\t<\/div>\n\t\t\t\t\t<\/div>\n\t\t<\/div>\n\t\t\t\t\t<\/div>\n\t\t<\/section>\n\t\t\t\t<section class=\"elementor-section elementor-top-section elementor-element elementor-element-4b0c7382 elementor-section-full_width elementor-section-height-full elementor-section-height-default elementor-section-items-middle\" data-id=\"4b0c7382\" data-element_type=\"section\" data-e-type=\"section\" data-settings=\"{&quot;background_background&quot;:&quot;classic&quot;}\">\n\t\t\t\t\t\t<div class=\"elementor-container elementor-column-gap-default\">\n\t\t\t\t\t<div class=\"elementor-column elementor-col-100 elementor-top-column elementor-element elementor-element-1903607\" data-id=\"1903607\" data-element_type=\"column\" data-e-type=\"column\">\n\t\t\t<div class=\"elementor-widget-wrap elementor-element-populated\">\n\t\t\t\t\t\t<div class=\"elementor-element elementor-element-18f1a227 elementor-widget elementor-widget-heading\" data-id=\"18f1a227\" data-element_type=\"widget\" data-e-type=\"widget\" data-widget_type=\"heading.default\">\n\t\t\t\t<div class=\"elementor-widget-container\">\n\t\t\t\t\t<h5 class=\"elementor-heading-title elementor-size-default\"><b>NOSSAS REDES SOCIAIS<\/b><\/h5>\t\t\t\t<\/div>\n\t\t\t\t<\/div>\n\t\t\t\t<div class=\"elementor-element elementor-element-1436a849 e-grid-align-mobile-right elementor-shape-rounded elementor-grid-0 e-grid-align-center elementor-widget elementor-widget-social-icons\" data-id=\"1436a849\" data-element_type=\"widget\" data-e-type=\"widget\" data-widget_type=\"social-icons.default\">\n\t\t\t\t<div class=\"elementor-widget-container\">\n\t\t\t\t\t\t\t<div class=\"elementor-social-icons-wrapper elementor-grid\" role=\"list\">\n\t\t\t\t\t\t\t<span class=\"elementor-grid-item\" role=\"listitem\">\n\t\t\t\t\t<a class=\"elementor-icon elementor-social-icon elementor-social-icon-facebook elementor-animation-grow elementor-repeater-item-oeec807\" href=\"https:\/\/www.facebook.com\/ADADSAOJOSE\/\" target=\"_blank\">\n\t\t\t\t\t\t<span class=\"elementor-screen-only\">Facebook<\/span>\n\t\t\t\t\t\t\t\t\t\t\t\t\t<i class=\"fa fa-facebook\" aria-hidden=\"true\"><\/i>\n\t\t\t\t\t\t\t\t\t\t\t<\/a>\n\t\t\t\t<\/span>\n\t\t\t\t\t\t\t<span class=\"elementor-grid-item\" role=\"listitem\">\n\t\t\t\t\t<a class=\"elementor-icon elementor-social-icon elementor-social-icon-instagram elementor-animation-grow elementor-repeater-item-wi839ym\" href=\"https:\/\/www.instagram.com\/adadoficialsj\/\" target=\"_blank\">\n\t\t\t\t\t\t<span class=\"elementor-screen-only\">Instagram<\/span>\n\t\t\t\t\t\t\t\t\t\t\t\t\t<i class=\"fa fa-instagram\" aria-hidden=\"true\"><\/i>\n\t\t\t\t\t\t\t\t\t\t\t<\/a>\n\t\t\t\t<\/span>\n\t\t\t\t\t<\/div>\n\t\t\t\t\t\t<\/div>\n\t\t\t\t<\/div>\n\t\t\t\t\t<\/div>\n\t\t<\/div>\n\t\t\t\t\t<\/div>\n\t\t<\/section>\n\t\t\t\t<section class=\"elementor-section elementor-top-section elementor-element elementor-element-b68f980 elementor-section-content-middle elementor-section-boxed elementor-section-height-default elementor-section-height-default\" data-id=\"b68f980\" data-element_type=\"section\" data-e-type=\"section\" data-settings=\"{&quot;background_background&quot;:&quot;classic&quot;}\">\n\t\t\t\t\t\t<div class=\"elementor-container elementor-column-gap-default\">\n\t\t\t\t\t<div class=\"elementor-column elementor-col-100 elementor-top-column elementor-element elementor-element-241e85e1\" data-id=\"241e85e1\" data-element_type=\"column\" data-e-type=\"column\">\n\t\t\t<div class=\"elementor-widget-wrap elementor-element-populated\">\n\t\t\t\t\t\t<div class=\"elementor-element elementor-element-1d24f517 elementor-widget elementor-widget-heading\" data-id=\"1d24f517\" data-element_type=\"widget\" data-e-type=\"widget\" data-widget_type=\"heading.default\">\n\t\t\t\t<div class=\"elementor-widget-container\">\n\t\t\t\t\t<h3 class=\"elementor-heading-title elementor-size-default\">Fale conosco<\/h3>\t\t\t\t<\/div>\n\t\t\t\t<\/div>\n\t\t\t\t<div class=\"elementor-element elementor-element-571fd6b8 elementor-widget elementor-widget-text-editor\" data-id=\"571fd6b8\" data-element_type=\"widget\" data-e-type=\"widget\" data-widget_type=\"text-editor.default\">\n\t\t\t\t<div class=\"elementor-widget-container\">\n\t\t\t\t\t\t\t\t\t<p>Envie nos uma mensagem.<\/p>\t\t\t\t\t\t\t\t<\/div>\n\t\t\t\t<\/div>\n\t\t\t\t<div class=\"elementor-element elementor-element-6d7b361d elementor-button-align-center elementor-widget elementor-widget-form\" data-id=\"6d7b361d\" data-element_type=\"widget\" data-e-type=\"widget\" data-settings=\"{&quot;button_width&quot;:&quot;100&quot;,&quot;step_next_label&quot;:&quot;Pr\\u00f3ximo&quot;,&quot;step_previous_label&quot;:&quot;Anterior&quot;,&quot;step_type&quot;:&quot;number_text&quot;,&quot;step_icon_shape&quot;:&quot;circle&quot;}\" data-widget_type=\"form.default\">\n\t\t\t\t<div class=\"elementor-widget-container\">\n\t\t\t\t\t\t\t<form class=\"elementor-form\" method=\"post\" name=\"New Form\">\n\t\t\t<input type=\"hidden\" name=\"post_id\" value=\"57\"\/>\n\t\t\t<input type=\"hidden\" name=\"form_id\" value=\"6d7b361d\"\/>\n\t\t\t<input type=\"hidden\" name=\"referer_title\" value=\"ADAD\" \/>\n\n\t\t\t\t\t\t\t<input type=\"hidden\" name=\"queried_id\" value=\"57\"\/>\n\t\t\t\n\t\t\t<div class=\"elementor-form-fields-wrapper elementor-labels-\">\n\t\t\t\t\t\t\t\t<div class=\"elementor-field-type-text elementor-field-group elementor-column elementor-field-group-name elementor-col-50\">\n\t\t\t\t\t\t\t\t\t\t\t\t<label for=\"form-field-name\" class=\"elementor-field-label elementor-screen-only\">\n\t\t\t\t\t\t\t\tNome\t\t\t\t\t\t\t<\/label>\n\t\t\t\t\t\t\t\t\t\t\t\t\t\t<input size=\"1\" type=\"text\" name=\"form_fields[name]\" id=\"form-field-name\" class=\"elementor-field elementor-size-sm  elementor-field-textual\" placeholder=\"Nome\">\n\t\t\t\t\t\t\t\t\t\t\t<\/div>\n\t\t\t\t\t\t\t\t<div class=\"elementor-field-type-email elementor-field-group elementor-column elementor-field-group-email elementor-col-50 elementor-field-required\">\n\t\t\t\t\t\t\t\t\t\t\t\t<label for=\"form-field-email\" class=\"elementor-field-label elementor-screen-only\">\n\t\t\t\t\t\t\t\tEmail\t\t\t\t\t\t\t<\/label>\n\t\t\t\t\t\t\t\t\t\t\t\t\t\t<input size=\"1\" type=\"email\" name=\"form_fields[email]\" id=\"form-field-email\" class=\"elementor-field elementor-size-sm  elementor-field-textual\" placeholder=\"Email\" required=\"required\">\n\t\t\t\t\t\t\t\t\t\t\t<\/div>\n\t\t\t\t\t\t\t\t<div class=\"elementor-field-type-textarea elementor-field-group elementor-column elementor-field-group-message elementor-col-100 elementor-field-required\">\n\t\t\t\t\t\t\t\t\t\t\t\t<label for=\"form-field-message\" class=\"elementor-field-label elementor-screen-only\">\n\t\t\t\t\t\t\t\tMensagem\t\t\t\t\t\t\t<\/label>\n\t\t\t\t\t\t<textarea class=\"elementor-field-textual elementor-field  elementor-size-sm\" name=\"form_fields[message]\" id=\"form-field-message\" rows=\"4\" placeholder=\"Mensagem\" required=\"required\"><\/textarea>\t\t\t\t<\/div>\n\t\t\t\t\t\t\t\t<div class=\"elementor-field-group elementor-column elementor-field-type-submit elementor-col-100 e-form__buttons\">\n\t\t\t\t\t<button class=\"elementor-button elementor-size-sm elementor-animation-grow\" type=\"submit\">\n\t\t\t\t\t\t<span class=\"elementor-button-content-wrapper\">\n\t\t\t\t\t\t\t\t\t\t\t\t\t\t\t\t\t\t\t\t\t\t<span class=\"elementor-button-text\">ENVIAR<\/span>\n\t\t\t\t\t\t\t\t\t\t\t\t\t<\/span>\n\t\t\t\t\t<\/button>\n\t\t\t\t<\/div>\n\t\t\t<\/div>\n\t\t<\/form>\n\t\t\t\t\t\t<\/div>\n\t\t\t\t<\/div>\n\t\t\t\t\t<\/div>\n\t\t<\/div>\n\t\t\t\t\t<\/div>\n\t\t<\/section>\n\t\t\t\t<section class=\"elementor-section elementor-top-section elementor-element elementor-element-49ddf31f elementor-section-boxed elementor-section-height-default elementor-section-height-default\" data-id=\"49ddf31f\" data-element_type=\"section\" data-e-type=\"section\" data-settings=\"{&quot;background_background&quot;:&quot;classic&quot;}\">\n\t\t\t\t\t\t<div class=\"elementor-container elementor-column-gap-default\">\n\t\t\t\t\t<div class=\"elementor-column elementor-col-100 elementor-top-column elementor-element elementor-element-7900f8cd\" data-id=\"7900f8cd\" data-element_type=\"column\" data-e-type=\"column\">\n\t\t\t<div class=\"elementor-widget-wrap elementor-element-populated\">\n\t\t\t\t\t\t<section class=\"elementor-section elementor-inner-section elementor-element elementor-element-21394e95 elementor-section-boxed elementor-section-height-default elementor-section-height-default\" data-id=\"21394e95\" data-element_type=\"section\" data-e-type=\"section\">\n\t\t\t\t\t\t<div class=\"elementor-container elementor-column-gap-default\">\n\t\t\t\t\t<div class=\"elementor-column elementor-col-100 elementor-inner-column elementor-element elementor-element-6ff7467f\" data-id=\"6ff7467f\" data-element_type=\"column\" data-e-type=\"column\">\n\t\t\t<div class=\"elementor-widget-wrap elementor-element-populated\">\n\t\t\t\t\t\t<div class=\"elementor-element elementor-element-6fd578bb elementor-widget elementor-widget-text-editor\" data-id=\"6fd578bb\" data-element_type=\"widget\" data-e-type=\"widget\" data-widget_type=\"text-editor.default\">\n\t\t\t\t<div class=\"elementor-widget-container\">\n\t\t\t\t\t\t\t\t\t<p><span>\u00a9 AD S\u00e3o Jos\u00e9 \u2013 Onde a fam\u00edlia e a felicidade se encontram 2018<\/span><\/p>\t\t\t\t\t\t\t\t<\/div>\n\t\t\t\t<\/div>\n\t\t\t\t\t<\/div>\n\t\t<\/div>\n\t\t\t\t\t<\/div>\n\t\t<\/section>\n\t\t\t\t\t<\/div>\n\t\t<\/div>\n\t\t\t\t\t<\/div>\n\t\t<\/section>\n\t\t\t\t<\/div>\n\t\t","protected":false},"excerpt":{"rendered":"<p>ADAD S\u00e3o Jos\u00e9 ADOLESCENTES QUE AMAM A DEUS Pb. Evandro e Roberta COORDENADORESFone: (48) 98495-2018E-mail: robertakssia@gmail.com Quem Somos \u00c9 um grupo formado por pr\u00e9-adolescentes e adolescentes de 6 a 21 anos, criado no dia 13 de mar\u00e7o de 2001, com sede na cidade de S\u00e3o Jos\u00e9 &#8211; Santa Catarina.\u00a0O grupo ADAD pr\u00e1tica atividades extra classes, [&hellip;]<\/p>\n","protected":false},"author":2,"featured_media":0,"parent":9,"menu_order":0,"comment_status":"closed","ping_status":"closed","template":"elementor_header_footer","meta":{"footnotes":""},"class_list":["post-57","page","type-page","status-publish","hentry","wpbf-post"],"jetpack_sharing_enabled":false,"jetpack_shortlink":"https:\/\/wp.me\/P9O47v-V","jetpack_likes_enabled":false,"_links":{"self":[{"href":"https:\/\/www.adsaojose.com.br\/site\/wp-json\/wp\/v2\/pages\/57","targetHints":{"allow":["GET"]}}],"collection":[{"href":"https:\/\/www.adsaojose.com.br\/site\/wp-json\/wp\/v2\/pages"}],"about":[{"href":"https:\/\/www.adsaojose.com.br\/site\/wp-json\/wp\/v2\/types\/page"}],"author":[{"embeddable":true,"href":"https:\/\/www.adsaojose.com.br\/site\/wp-json\/wp\/v2\/users\/2"}],"replies":[{"embeddable":true,"href":"https:\/\/www.adsaojose.com.br\/site\/wp-json\/wp\/v2\/comments?post=57"}],"version-history":[{"count":0,"href":"https:\/\/www.adsaojose.com.br\/site\/wp-json\/wp\/v2\/pages\/57\/revisions"}],"up":[{"embeddable":true,"href":"https:\/\/www.adsaojose.com.br\/site\/wp-json\/wp\/v2\/pages\/9"}],"wp:attachment":[{"href":"https:\/\/www.adsaojose.com.br\/site\/wp-json\/wp\/v2\/media?parent=57"}],"curies":[{"name":"wp","href":"https:\/\/api.w.org\/{rel}","templated":true}]}}